{"id":275,"date":"2021-09-29T14:49:28","date_gmt":"2021-09-29T12:49:28","guid":{"rendered":"http:\/\/www.garagedeprovence.fr\/?page_id=275"},"modified":"2024-03-04T13:06:35","modified_gmt":"2024-03-04T12:06:35","slug":"carrosserie","status":"publish","type":"page","link":"http:\/\/www.garagedeprovence.fr\/?page_id=275","title":{"rendered":"Carrosserie"},"content":{"rendered":"","protected":false},"excerpt":{"rendered":"","protected":false},"author":1,"featured_media":0,"parent":267,"menu_order":2,"comment_status":"closed","ping_status":"closed","template":"","meta":{"footnotes":""},"class_list":["post-275","page","type-page","status-publish","hentry"],"yoast_head":"<!-- This site is optimized with the Yoast SEO plugin v27.5 - https:\/\/yoast.com\/product\/yoast-seo-wordpress\/ -->\n<title>Carrosserie - Garage de provence Agent Renault Dacia<\/title>\n<meta name=\"description\" content=\"Garage de Provence, Agent Renault Dacia ,Saint Priest ,69800 ,Rh\u00f4ne ,r\u00e9paration m\u00e9canique ,carrosserie,peinture, vente v\u00e9hicule neuf occasion\" \/>\n<meta name=\"robots\" content=\"index, follow, max-snippet:-1, max-image-preview:large, max-video-preview:-1\" \/>\n<link rel=\"canonical\" href=\"https:\/\/www.garagedeprovence.fr\/?page_id=275\" \/>\n<meta property=\"og:locale\" content=\"fr_FR\" \/>\n<meta property=\"og:type\" content=\"article\" \/>\n<meta property=\"og:title\" content=\"Carrosserie - Garage de provence Agent Renault Dacia\" \/>\n<meta property=\"og:description\" content=\"Garage de Provence, Agent Renault Dacia ,Saint Priest ,69800 ,Rh\u00f4ne ,r\u00e9paration m\u00e9canique ,carrosserie,peinture, vente v\u00e9hicule neuf occasion\" \/>\n<meta property=\"og:url\" content=\"https:\/\/www.garagedeprovence.fr\/?page_id=275\" \/>\n<meta property=\"og:site_name\" content=\"Garage de provence Agent Renault Dacia\" \/>\n<meta property=\"article:modified_time\" content=\"2024-03-04T12:06:35+00:00\" \/>\n<meta name=\"twitter:card\" content=\"summary_large_image\" \/>\n<script type=\"application\/ld+json\" class=\"yoast-schema-graph\">{\"@context\":\"https:\\\/\\\/schema.org\",\"@graph\":[{\"@type\":\"WebPage\",\"@id\":\"https:\\\/\\\/www.garagedeprovence.fr\\\/?page_id=275\",\"url\":\"https:\\\/\\\/www.garagedeprovence.fr\\\/?page_id=275\",\"name\":\"Carrosserie - Garage de provence Agent Renault Dacia\",\"isPartOf\":{\"@id\":\"https:\\\/\\\/www.garagedeprovence.fr\\\/#website\"},\"datePublished\":\"2021-09-29T12:49:28+00:00\",\"dateModified\":\"2024-03-04T12:06:35+00:00\",\"description\":\"Garage de Provence, Agent Renault Dacia ,Saint Priest ,69800 ,Rh\u00f4ne ,r\u00e9paration m\u00e9canique ,carrosserie,peinture, vente v\u00e9hicule neuf occasion\",\"breadcrumb\":{\"@id\":\"https:\\\/\\\/www.garagedeprovence.fr\\\/?page_id=275#breadcrumb\"},\"inLanguage\":\"fr-FR\",\"potentialAction\":[{\"@type\":\"ReadAction\",\"target\":[\"https:\\\/\\\/www.garagedeprovence.fr\\\/?page_id=275\"]}]},{\"@type\":\"BreadcrumbList\",\"@id\":\"https:\\\/\\\/www.garagedeprovence.fr\\\/?page_id=275#breadcrumb\",\"itemListElement\":[{\"@type\":\"ListItem\",\"position\":1,\"name\":\"Accueil\",\"item\":\"https:\\\/\\\/www.garagedeprovence.fr\\\/\"},{\"@type\":\"ListItem\",\"position\":2,\"name\":\"Nos prestations\",\"item\":\"https:\\\/\\\/www.garagedeprovence.fr\\\/?page_id=267\"},{\"@type\":\"ListItem\",\"position\":3,\"name\":\"Carrosserie\"}]},{\"@type\":\"WebSite\",\"@id\":\"https:\\\/\\\/www.garagedeprovence.fr\\\/#website\",\"url\":\"https:\\\/\\\/www.garagedeprovence.fr\\\/\",\"name\":\"Garage de provence Agent Renault Dacia\",\"description\":\"\",\"publisher\":{\"@id\":\"https:\\\/\\\/www.garagedeprovence.fr\\\/#organization\"},\"potentialAction\":[{\"@type\":\"SearchAction\",\"target\":{\"@type\":\"EntryPoint\",\"urlTemplate\":\"https:\\\/\\\/www.garagedeprovence.fr\\\/?s={search_term_string}\"},\"query-input\":{\"@type\":\"PropertyValueSpecification\",\"valueRequired\":true,\"valueName\":\"search_term_string\"}}],\"inLanguage\":\"fr-FR\"},{\"@type\":\"Organization\",\"@id\":\"https:\\\/\\\/www.garagedeprovence.fr\\\/#organization\",\"name\":\"Garage de provence Agent Renault Dacia\",\"url\":\"https:\\\/\\\/www.garagedeprovence.fr\\\/\",\"logo\":{\"@type\":\"ImageObject\",\"inLanguage\":\"fr-FR\",\"@id\":\"https:\\\/\\\/www.garagedeprovence.fr\\\/#\\\/schema\\\/logo\\\/image\\\/\",\"url\":\"https:\\\/\\\/i0.wp.com\\\/www.garagedeprovence.fr\\\/wp-content\\\/uploads\\\/2022\\\/01\\\/cropped-logo-renault-dacia.png?fit=666%2C174\",\"contentUrl\":\"https:\\\/\\\/i0.wp.com\\\/www.garagedeprovence.fr\\\/wp-content\\\/uploads\\\/2022\\\/01\\\/cropped-logo-renault-dacia.png?fit=666%2C174\",\"width\":666,\"height\":174,\"caption\":\"Garage de provence Agent Renault Dacia\"},\"image\":{\"@id\":\"https:\\\/\\\/www.garagedeprovence.fr\\\/#\\\/schema\\\/logo\\\/image\\\/\"}}]}<\/script>\n<!-- \/ Yoast SEO plugin. -->","yoast_head_json":{"title":"Carrosserie - Garage de provence Agent Renault Dacia","description":"Garage de Provence, Agent Renault Dacia ,Saint Priest ,69800 ,Rh\u00f4ne ,r\u00e9paration m\u00e9canique ,carrosserie,peinture, vente v\u00e9hicule neuf occasion","robots":{"index":"index","follow":"follow","max-snippet":"max-snippet:-1","max-image-preview":"max-image-preview:large","max-video-preview":"max-video-preview:-1"},"canonical":"https:\/\/www.garagedeprovence.fr\/?page_id=275","og_locale":"fr_FR","og_type":"article","og_title":"Carrosserie - Garage de provence Agent Renault Dacia","og_description":"Garage de Provence, Agent Renault Dacia ,Saint Priest ,69800 ,Rh\u00f4ne ,r\u00e9paration m\u00e9canique ,carrosserie,peinture, vente v\u00e9hicule neuf occasion","og_url":"https:\/\/www.garagedeprovence.fr\/?page_id=275","og_site_name":"Garage de provence Agent Renault Dacia","article_modified_time":"2024-03-04T12:06:35+00:00","twitter_card":"summary_large_image","schema":{"@context":"https:\/\/schema.org","@graph":[{"@type":"WebPage","@id":"https:\/\/www.garagedeprovence.fr\/?page_id=275","url":"https:\/\/www.garagedeprovence.fr\/?page_id=275","name":"Carrosserie - Garage de provence Agent Renault Dacia","isPartOf":{"@id":"https:\/\/www.garagedeprovence.fr\/#website"},"datePublished":"2021-09-29T12:49:28+00:00","dateModified":"2024-03-04T12:06:35+00:00","description":"Garage de Provence, Agent Renault Dacia ,Saint Priest ,69800 ,Rh\u00f4ne ,r\u00e9paration m\u00e9canique ,carrosserie,peinture, vente v\u00e9hicule neuf occasion","breadcrumb":{"@id":"https:\/\/www.garagedeprovence.fr\/?page_id=275#breadcrumb"},"inLanguage":"fr-FR","potentialAction":[{"@type":"ReadAction","target":["https:\/\/www.garagedeprovence.fr\/?page_id=275"]}]},{"@type":"BreadcrumbList","@id":"https:\/\/www.garagedeprovence.fr\/?page_id=275#breadcrumb","itemListElement":[{"@type":"ListItem","position":1,"name":"Accueil","item":"https:\/\/www.garagedeprovence.fr\/"},{"@type":"ListItem","position":2,"name":"Nos prestations","item":"https:\/\/www.garagedeprovence.fr\/?page_id=267"},{"@type":"ListItem","position":3,"name":"Carrosserie"}]},{"@type":"WebSite","@id":"https:\/\/www.garagedeprovence.fr\/#website","url":"https:\/\/www.garagedeprovence.fr\/","name":"Garage de provence Agent Renault Dacia","description":"","publisher":{"@id":"https:\/\/www.garagedeprovence.fr\/#organization"},"potentialAction":[{"@type":"SearchAction","target":{"@type":"EntryPoint","urlTemplate":"https:\/\/www.garagedeprovence.fr\/?s={search_term_string}"},"query-input":{"@type":"PropertyValueSpecification","valueRequired":true,"valueName":"search_term_string"}}],"inLanguage":"fr-FR"},{"@type":"Organization","@id":"https:\/\/www.garagedeprovence.fr\/#organization","name":"Garage de provence Agent Renault Dacia","url":"https:\/\/www.garagedeprovence.fr\/","logo":{"@type":"ImageObject","inLanguage":"fr-FR","@id":"https:\/\/www.garagedeprovence.fr\/#\/schema\/logo\/image\/","url":"https:\/\/i0.wp.com\/www.garagedeprovence.fr\/wp-content\/uploads\/2022\/01\/cropped-logo-renault-dacia.png?fit=666%2C174","contentUrl":"https:\/\/i0.wp.com\/www.garagedeprovence.fr\/wp-content\/uploads\/2022\/01\/cropped-logo-renault-dacia.png?fit=666%2C174","width":666,"height":174,"caption":"Garage de provence Agent Renault Dacia"},"image":{"@id":"https:\/\/www.garagedeprovence.fr\/#\/schema\/logo\/image\/"}}]}},"jetpack-related-posts":[],"jetpack_sharing_enabled":true,"_links":{"self":[{"href":"http:\/\/www.garagedeprovence.fr\/index.php?rest_route=\/wp\/v2\/pages\/275","targetHints":{"allow":["GET"]}}],"collection":[{"href":"http:\/\/www.garagedeprovence.fr\/index.php?rest_route=\/wp\/v2\/pages"}],"about":[{"href":"http:\/\/www.garagedeprovence.fr\/index.php?rest_route=\/wp\/v2\/types\/page"}],"author":[{"embeddable":true,"href":"http:\/\/www.garagedeprovence.fr\/index.php?rest_route=\/wp\/v2\/users\/1"}],"replies":[{"embeddable":true,"href":"http:\/\/www.garagedeprovence.fr\/index.php?rest_route=%2Fwp%2Fv2%2Fcomments&post=275"}],"version-history":[{"count":1,"href":"http:\/\/www.garagedeprovence.fr\/index.php?rest_route=\/wp\/v2\/pages\/275\/revisions"}],"predecessor-version":[{"id":276,"href":"http:\/\/www.garagedeprovence.fr\/index.php?rest_route=\/wp\/v2\/pages\/275\/revisions\/276"}],"up":[{"embeddable":true,"href":"http:\/\/www.garagedeprovence.fr\/index.php?rest_route=\/wp\/v2\/pages\/267"}],"wp:attachment":[{"href":"http:\/\/www.garagedeprovence.fr\/index.php?rest_route=%2Fwp%2Fv2%2Fmedia&parent=275"}],"curies":[{"name":"wp","href":"https:\/\/api.w.org\/{rel}","templated":true}]}}